{"id":30,"date":"2015-10-18T20:40:21","date_gmt":"2015-10-18T18:40:21","guid":{"rendered":"http:\/\/mimas.stift.biz\/?page_id=30"},"modified":"2020-04-09T21:05:21","modified_gmt":"2020-04-09T19:05:21","slug":"die-mimas-gmbh-ein-ueberblick","status":"publish","type":"page","link":"https:\/\/mimas.stift.biz\/","title":{"rendered":"Die Mimas Gmbh ein \u00dcberblick"},"content":{"rendered":"<p>Wir sind f\u00fcr Sie DA! &#8211;<strong> THE SHOW MUST GO ON!<\/strong><\/p>\n<p><a href=\"http:\/\/mimas.stift.biz\/wp-content\/uploads\/corona.png\"><img loading=\"lazy\" decoding=\"async\" class=\"alignnone size-medium wp-image-89\" src=\"http:\/\/mimas.stift.biz\/wp-content\/uploads\/corona-300x42.png\" alt=\"\" width=\"300\" height=\"42\" srcset=\"https:\/\/mimas.stift.biz\/wp-content\/uploads\/corona-300x42.png 300w, https:\/\/mimas.stift.biz\/wp-content\/uploads\/corona.png 682w\" sizes=\"auto, (max-width: 300px) 100vw, 300px\" \/><\/a><\/p>\n<p><span style=\"color: #0000ff;\"><strong>Wir sind Krisenerfahren<\/strong> <\/span>&#8211; und finden schnell eine L\u00f6sung f\u00fcr SIE &#8211; damit Ihr Service aufrecht bleibt!<br \/>\nBewahren Sie einen <strong><span style=\"color: #0000ff;\">k\u00fchlen Kopf !<\/span> bek\u00e4mpfen wir gemeinsam die Folgen des Virus!<br \/>\nWir &#8211; ein eingespieltes Team mit Weitblick und unterst\u00fctzt Sie!<br \/>\nSie sind f\u00fcr IHR Unternehmen verf\u00fcgbar &#8211; wir nehmen Ihnen eine Last von den Schultern<br \/>\n<\/strong><\/p>\n<p><strong>VOR ORT<\/strong>\u00a0 &#8211; CLOUDL\u00d6SUNG &#8211; <strong>HOME office , alles \u00fcber Fernwartung\u00a0<\/strong> &#8211; Mobile L\u00f6sungen<br \/>\n<strong>VIDEO Telefonie<\/strong> &#8211; Virtuelle <strong>Telefonsystem<br \/>\nSichere Zugangsl\u00f6sungen &#8211; Bring Your Own DEVICE L\u00f6sungen<br \/>\nVPN &#8211; Tunnel &#8211; on Site \/\/ Migration ins Rechenzentrum \/\/ Cloud \/\/ Azure<br \/>\n<\/strong><strong>WEBSHOP<\/strong> &#8211; aufrechhalten der\u00a0 Lieferkette &#8211; Integration in Lieferdienste<\/p>\n<p><a href=\"http:\/\/mimas.stift.biz\/wp-content\/uploads\/rechenzentrum.png\"><img loading=\"lazy\" decoding=\"async\" class=\"alignnone wp-image-92\" src=\"http:\/\/mimas.stift.biz\/wp-content\/uploads\/rechenzentrum-300x167.png\" alt=\"\" width=\"250\" height=\"139\" srcset=\"https:\/\/mimas.stift.biz\/wp-content\/uploads\/rechenzentrum-300x167.png 300w, https:\/\/mimas.stift.biz\/wp-content\/uploads\/rechenzentrum.png 706w\" sizes=\"auto, (max-width: 250px) 100vw, 250px\" \/><\/a><br \/>\nDSGVO konform auch im Private Room im <strong>Rechenzentrum<\/strong>\u00a0 hochredundant<\/p>\n<p><strong>SICHERE<\/strong> L\u00f6sungen &#8211; HOME-Office-Einbindung- mittels FORTINET<br \/>\ngeben Sie Ihrem MItarbeiter die selbe Effizienz wie im B\u00fcro | alles \u00fcber Fernwartung und von uns vorbereitet<\/p>\n<p><a href=\"http:\/\/mimas.stift.biz\/wp-content\/uploads\/Forti-VPN.jpg\"><img loading=\"lazy\" decoding=\"async\" class=\"alignnone size-medium wp-image-88\" src=\"http:\/\/mimas.stift.biz\/wp-content\/uploads\/Forti-VPN-300x111.jpg\" alt=\"\" width=\"300\" height=\"111\" srcset=\"https:\/\/mimas.stift.biz\/wp-content\/uploads\/Forti-VPN-300x111.jpg 300w, https:\/\/mimas.stift.biz\/wp-content\/uploads\/Forti-VPN-768x285.jpg 768w, https:\/\/mimas.stift.biz\/wp-content\/uploads\/Forti-VPN.jpg 800w\" sizes=\"auto, (max-width: 300px) 100vw, 300px\" \/><\/a><\/p>\n<p><strong>MIET &#8211; HARDWARE<\/strong> &#8211; Professionelle Systeme\u00a0 |<br \/>\n<strong>zur \u00dcBERBR\u00dcCKUNG der ENGP\u00c4SSE<\/strong> , und optimieren der Workflows| schnell verf\u00fcgbar<br \/>\nwir k\u00f6nnen gemeinsam mit unsereren Zertifizierten Partner <strong>hohe Kapazit\u00e4ten in kurzer Zei<\/strong>t abwickeln &#8211; <strong>NENNEN Sie uns Ihren Bedarf!<\/strong><\/p>\n<p><a href=\"http:\/\/mimas.stift.biz\/wp-content\/uploads\/notebooks_remarketing.png\"><img loading=\"lazy\" decoding=\"async\" class=\"alignnone size-medium wp-image-90\" src=\"http:\/\/mimas.stift.biz\/wp-content\/uploads\/notebooks_remarketing-300x44.png\" alt=\"\" width=\"300\" height=\"44\" srcset=\"https:\/\/mimas.stift.biz\/wp-content\/uploads\/notebooks_remarketing-300x44.png 300w, https:\/\/mimas.stift.biz\/wp-content\/uploads\/notebooks_remarketing-768x114.png 768w, https:\/\/mimas.stift.biz\/wp-content\/uploads\/notebooks_remarketing.png 974w\" sizes=\"auto, (max-width: 300px) 100vw, 300px\" \/><\/a> <a href=\"http:\/\/mimas.stift.biz\/wp-content\/uploads\/gepr\u00fcfte_gebrauchtware.png\"><img loading=\"lazy\" decoding=\"async\" class=\"alignnone size-medium wp-image-91\" src=\"http:\/\/mimas.stift.biz\/wp-content\/uploads\/gepr\u00fcfte_gebrauchtware-300x28.png\" alt=\"\" width=\"300\" height=\"28\" srcset=\"https:\/\/mimas.stift.biz\/wp-content\/uploads\/gepr\u00fcfte_gebrauchtware-300x28.png 300w, https:\/\/mimas.stift.biz\/wp-content\/uploads\/gepr\u00fcfte_gebrauchtware-768x72.png 768w, https:\/\/mimas.stift.biz\/wp-content\/uploads\/gepr\u00fcfte_gebrauchtware.png 976w\" sizes=\"auto, (max-width: 300px) 100vw, 300px\" \/><\/a><\/p>\n<p>&nbsp;<\/p>\n<p>Die Mimas Gmbh<strong> bietet professionelle EDV L\u00f6sungen<\/strong> in Verbindung mit betriebswirtschaflichen Optimierungen<br \/>\nvon klein bis gross &#8211; immer mit Weitblick &amp; Sicherheit &#8211; bis zu Rechenzentrumsl\u00f6sungen im Private Room je nachdem<br \/>\nwie Ihre Anforderungen sind. Wir orientieren uns an Ihren W\u00fcnschen und Ihrem Budget . Profitieren Sie von \u00fcber 20 Jahren Erfahrung in der EDV und vielen anderen Brachen, um optimale, nachhaltige &amp; vorrausschauende Ergebnisse zu erhalten !<\/p>\n<ul>\n<li>iT Sonderl\u00f6sungen<\/li>\n<li>Standart-Netzwerke<\/li>\n<li>Windows Server | Firewall | Netzwerktechnik<\/li>\n<li>Standortvernetzung<\/li>\n<li>KI &#8211; Integration<\/li>\n<li>Registrierkassensysteme<\/li>\n<\/ul>\n<p>&nbsp;<\/p>\n<p><strong>die MIMAS &#8211; Gmbh<\/strong><br \/>\n3430 Tulln &#8211; Rudolfstrasse 3\/1<br \/>\n<strong>eMail : michael.stift@stift.biz<\/strong><br \/>\n0043 2272 647 28- 28<br \/>\n<strong>0043 676 88 2345 88<\/strong><\/p>\n<p><strong>CORONA NOTDIENST &#8211; ENGPASSL\u00d6SUNG &#8211; RUFEN Sie auch Ausserhalb der Gesch\u00e4ftszeiten an &#8211; wir finden eine L\u00f6sung!<br \/>\n<\/strong><\/p>\n<p>\u00d6ffnungszeiten B\u00fcro : ab 8.00\u00a0 Mo &#8211; Fr | Samstang sowie Sonntag<\/p>\n<p>Technischer Dienst\u00a0 &#8211;\u00a0 rufen Sie einfach an &#8211; wir sind f\u00fcr Sie da !<br \/>\nNotf\u00e4lle &#8211;\u00a0 rufen Sie einfach an &#8211; wir sind f\u00fcr Sie da !<\/p>\n<p>Programmierungen<br \/>\nRegistrierkassen\u00a0 &#8211; <strong>GWS-Touch Demo Systeme &#8211; Ausstellung <\/strong><\/p>\n<p><a href=\"http:\/\/www.gwssystems.at\/\"><img loading=\"lazy\" decoding=\"async\" class=\"alignnone wp-image-70\" src=\"http:\/\/mimas.stift.biz\/wp-content\/uploads\/gwssystemsat_logo-300x60.png\" alt=\"\" width=\"200\" height=\"40\" srcset=\"https:\/\/mimas.stift.biz\/wp-content\/uploads\/gwssystemsat_logo-300x60.png 300w, https:\/\/mimas.stift.biz\/wp-content\/uploads\/gwssystemsat_logo-669x138.png 669w, https:\/\/mimas.stift.biz\/wp-content\/uploads\/gwssystemsat_logo.png 689w\" sizes=\"auto, (max-width: 200px) 100vw, 200px\" \/><\/a><\/p>\n<p><a href=\"http:\/\/www.gwssystems.at\/\">TESTEN Sie die von uns entwickelte professionelle Registrierkasse\u00a0<\/a>jederzeit zur freien Ansicht | Demo Systeme zum Testen Vor Ort |<\/p>\n<p>&nbsp;<\/p>\n<p>Ansprechpartner Michael Stift<br \/>\n3430 Tulln-Rudolftrasse 3<\/p>\n<p>&nbsp;<\/p>\n<p><span style=\"color: #000000;\"><a style=\"color: #000000;\" href=\"http:\/\/mimas.stift.biz\/wp-content\/uploads\/website_datenschutz_mimasGmbh.pdf\">Datenschutzerkl\u00e4rung<\/a><\/span><\/p>\n<p><a href=\"http:\/\/mimas.stift.biz\/wp-content\/uploads\/Haftungsausschluss_website.pdf\"><span style=\"color: #000000;\">Haftungsausschluss<\/span><\/a><\/p>\n<div class=\"fusion-one-full fusion-layout-column fusion-column-last fusion-spacing-yes\" style=\"margin-top:;margin-bottom:;\"><div class=\"fusion-column-wrapper\"><div class=\"fusion-clearfix\"><\/div><\/div><\/div><div class=\"fusion-clearfix\"><\/div>\n","protected":false},"excerpt":{"rendered":"","protected":false},"author":1,"featured_media":0,"parent":0,"menu_order":0,"comment_status":"closed","ping_status":"closed","template":"","meta":{"footnotes":""},"class_list":["post-30","page","type-page","status-publish","hentry"],"_links":{"self":[{"href":"https:\/\/mimas.stift.biz\/index.php\/wp-json\/wp\/v2\/pages\/30","targetHints":{"allow":["GET"]}}],"collection":[{"href":"https:\/\/mimas.stift.biz\/index.php\/wp-json\/wp\/v2\/pages"}],"about":[{"href":"https:\/\/mimas.stift.biz\/index.php\/wp-json\/wp\/v2\/types\/page"}],"author":[{"embeddable":true,"href":"https:\/\/mimas.stift.biz\/index.php\/wp-json\/wp\/v2\/users\/1"}],"replies":[{"embeddable":true,"href":"https:\/\/mimas.stift.biz\/index.php\/wp-json\/wp\/v2\/comments?post=30"}],"version-history":[{"count":18,"href":"https:\/\/mimas.stift.biz\/index.php\/wp-json\/wp\/v2\/pages\/30\/revisions"}],"predecessor-version":[{"id":98,"href":"https:\/\/mimas.stift.biz\/index.php\/wp-json\/wp\/v2\/pages\/30\/revisions\/98"}],"wp:attachment":[{"href":"https:\/\/mimas.stift.biz\/index.php\/wp-json\/wp\/v2\/media?parent=30"}],"curies":[{"name":"wp","href":"https:\/\/api.w.org\/{rel}","templated":true}]}}