{"id":46,"date":"2016-03-09T14:32:48","date_gmt":"2016-03-09T13:32:48","guid":{"rendered":"http:\/\/mimas.stift.biz\/?page_id=46"},"modified":"2016-03-09T14:32:48","modified_gmt":"2016-03-09T13:32:48","slug":"kassensystemepossystemberatungsystemtechnik","status":"publish","type":"page","link":"https:\/\/mimas.stift.biz\/index.php\/kassensystemepossystemberatungsystemtechnik\/","title":{"rendered":"Kassensysteme\/PoS\/Systemberatung\/Systemtechnik"},"content":{"rendered":"<p>speziell f\u00fcr die Registrierkassenpflicht in \u00d6sterreich\u00a0 &#8211; gem\u00e4\u00df der neuen gesetzlichen Anforderungen 2015\/2016\/2016<br \/>\nhaben wir f\u00fcr Sie die richtige L\u00f6sung<\/p>\n<p style=\"text-align: center;\"><strong>aus einer Hand<\/strong><\/p>\n<p>gemeinsam mit unserem Entwicklungspartner wurde das Warenwirtschaftsystem um ein<br \/>\n<strong>intuitues Touch<\/strong> interface erweitert . Lesen sie mehr dazu unter<\/p>\n<p style=\"text-align: center;\"><strong>www.gws-systems.com &#8211; die intuitive Touch Registrierkasse mit Warenwirtschaft <\/strong><\/p>\n<p>sollten Sie eine speziellere Anforderung haben die wir mit www.gws-systems.com nicht erf\u00fcllen k\u00f6nnen<br \/>\nso haben wir passende Partnerbetriebe , mit denen wir auf Ihre Bed\u00fcrfnisse ein gehen k\u00f6nnen<\/p>\n<p>speziell unser betriebswirtschaftlich \/ rechtliches Wissen und unsere iT-Partner machen es m\u00f6glich<br \/>\nma\u00dfgeschneiderte L\u00f6sungen f\u00fcr Sie an zu fertigen.<\/p>\n","protected":false},"excerpt":{"rendered":"<p>speziell f\u00fcr die Registrierkassenpflicht in \u00d6sterreich\u00a0 &#8211; gem\u00e4\u00df der neuen gesetzlichen Anforderungen 2015\/2016\/2016 haben wir f\u00fcr Sie die richtige L\u00f6sung aus einer Hand gemeinsam mit unserem Entwicklungspartner wurde das Warenwirtschaftsystem um ein intuitues Touch interface erweitert . Lesen sie mehr dazu unter www.gws-systems.com &#8211; die intuitive Touch Registrierkasse mit Warenwirtschaft sollten Sie eine speziellere Anforderung&hellip; <br \/> <a class=\"read-more\" href=\"https:\/\/mimas.stift.biz\/index.php\/kassensystemepossystemberatungsystemtechnik\/\">Weiterlesen<\/a><\/p>\n","protected":false},"author":1,"featured_media":0,"parent":0,"menu_order":0,"comment_status":"closed","ping_status":"closed","template":"","meta":{"footnotes":""},"class_list":["post-46","page","type-page","status-publish","hentry"],"_links":{"self":[{"href":"https:\/\/mimas.stift.biz\/index.php\/wp-json\/wp\/v2\/pages\/46","targetHints":{"allow":["GET"]}}],"collection":[{"href":"https:\/\/mimas.stift.biz\/index.php\/wp-json\/wp\/v2\/pages"}],"about":[{"href":"https:\/\/mimas.stift.biz\/index.php\/wp-json\/wp\/v2\/types\/page"}],"author":[{"embeddable":true,"href":"https:\/\/mimas.stift.biz\/index.php\/wp-json\/wp\/v2\/users\/1"}],"replies":[{"embeddable":true,"href":"https:\/\/mimas.stift.biz\/index.php\/wp-json\/wp\/v2\/comments?post=46"}],"version-history":[{"count":1,"href":"https:\/\/mimas.stift.biz\/index.php\/wp-json\/wp\/v2\/pages\/46\/revisions"}],"predecessor-version":[{"id":47,"href":"https:\/\/mimas.stift.biz\/index.php\/wp-json\/wp\/v2\/pages\/46\/revisions\/47"}],"wp:attachment":[{"href":"https:\/\/mimas.stift.biz\/index.php\/wp-json\/wp\/v2\/media?parent=46"}],"curies":[{"name":"wp","href":"https:\/\/api.w.org\/{rel}","templated":true}]}}