{"id":73,"date":"2018-06-01T22:34:09","date_gmt":"2018-06-01T20:34:09","guid":{"rendered":"http:\/\/mimas.stift.biz\/?page_id=73"},"modified":"2018-06-01T22:43:13","modified_gmt":"2018-06-01T20:43:13","slug":"dsgvo-systemtechnik","status":"publish","type":"page","link":"https:\/\/mimas.stift.biz\/index.php\/dsgvo-systemtechnik\/","title":{"rendered":"DSGVO\u00a7\u00a7 iT-Konform Systemtechnik &#038; PoS"},"content":{"rendered":"<p><strong>Die DSGVO &#8211; Datenschutzgrundverordnung &#8211; ganz neu ?<\/strong><\/p>\n<p><strong>&#8230;nein &#8211; nicht ganz!<\/strong> &#8211; und mit den richtigen Partnern nicht ganz so schlimm &#8211; aber trotzdem herausfordernd .<\/p>\n<p>Der eigentliche Grundgedanke kommt u.A aus dem <strong>iT Grundschutz<\/strong> und sollte f\u00fcr jeden EDV-Anwender selbstverst\u00e4ndlich sein , und ist sehr sinnvoll &#8211;\u00a0 lesen Sie hier mehr dazu auf Wikipedia: <a href=\"https:\/\/de.wikipedia.org\/wiki\/IT-Grundschutz\">https:\/\/de.wikipedia.org\/wiki\/IT-Grundschutz<\/a><\/p>\n<p><strong>Wir bauen und erneuern seit jeher EDV Systeme nach diesen Grundsatz &#8211; effizient &#8211; sinnvoll &#8211; auf Ihre Bed\u00fcrfnisse angepasst,<\/strong> und unterst\u00fctzen Sie bei der rec<strong>htskonformen Umsetzung der DSGVO &#8211; Technisch &#8211; Organisatorischen &#8211; Ma\u00dfnahmen (TOMs) &#8211; bis zur r\u00e4umlichen Absicherung (Zutrittskontrolle)<\/strong><\/p>\n<p>Auch unsere Kassensysteme &#8211; www.gwssystems.at \/ www.gws-systems.com werden DSGVO konform von uns installiert<\/p>\n<p>Die DSGVO bringt nun einfach Punkte &#8211; im Bezug auf die Technik &#8211; auf einen <strong>gemeinsamen Standard der dem Unternehmenszweck entprechen soll<\/strong>\u00a0 &#8211; an und f\u00fcr sich eine gute Sache &#8211; <strong>ein Selbstschutz &#8211; zu Ihrer Datensicherheit &#8211; <\/strong><\/p>\n<p>Profitieren Sie von unserer u<strong>mfassenden Erfahrung und unseren\u00a0 Kooperationspartnern &#8211; mit jahrzehntelangem iT Know How \/ der betriebswirtschaftlichen Erfahrung und unseren juristischen Partnern<\/strong><\/p>\n<p>u.A ist eine technische\u00a0 Neuerung\u00a0 &#8211; die <strong>Verpflichtung zur Verschl\u00fcsselung (mobiler) Datentr\u00e4ger*)<\/strong> : wir haben L\u00f6sungen f\u00fcr beinahe jeden Einsatzbereich ( Hardware &#8211; Software encryption &#8211; Server &#8211; Client) &#8211; und verschl\u00fcsseln ist nicht ein ganz neues Thema: PgP (<a href=\"https:\/\/de.wikipedia.org\/wiki\/Pretty_Good_Privacy\">pretty good privacy<\/a>) gibt es schon seit den 90er Jahren &#8211; Festplatten k\u00f6nnen wir schon ewig verschl\u00fcsseln im PC Bereich ; eine gewisse Herausforderung gibt es im (virutalisierten) Serverbereich &#8211; aber auch hier haben wir die richtige L\u00f6sung<\/p>\n<p>hier ein Auszug unserer Partner &#8211; <strong>Fujitsu &#8211; Dell\/EMC &#8211; HPE &#8211; Fortinet &#8211; Synology &#8211; Lenovo \/ IBM<\/strong>\u00a0 &#8211; <strong>Kaspersky<\/strong> mit denen sich die DSGVO Anforderungen am besten umsetzen lassen!<\/p>\n<p>EDV &#8211; ist keine genaue Wissenschaft &#8211; es geh\u00f6rt viel Erfahrung dazu &#8211; und Menschen denen man vertrauen kann &#8211; mit einer gewaltigen Portion an Durchhalte und Durchsetzungsverm\u00f6gen !<\/p>\n<p>Wir sind <strong>seit 2008 im Point of Sale mit Softwareentwicklung t\u00e4tig<\/strong> &#8211;<br \/>\nund haben laufend mit Herausforderungen wie <strong>Verschl\u00fcsselungen<\/strong> zu tun &#8211; wie u.A im Rahmen mit der <a href=\"https:\/\/www.ris.bka.gv.at\/GeltendeFassung.wxe?Abfrage=Bundesnormen&amp;Gesetzesnummer=20009390&amp;FassungVom=2017-04-01\">Registrierkassensicherheitsverordung<\/a><\/p>\n<p>Wir k\u00f6nnen Ihnen L\u00f6sungen f\u00fcr ihre<\/p>\n<ul>\n<li>On-Site-Anlage <strong>(Vor Ort)<\/strong> &#8211;<\/li>\n<li><strong>private cloud basierend &#8211;<\/strong><\/li>\n<li>bis hin zum <strong>sicheren Private Room<\/strong> im Rechenzentrum bieten<\/li>\n<li><strong>Verschl\u00fcsselung \/ verschl\u00fcsselte<\/strong> Verbindungen \/ Standortvernetzung<\/li>\n<li><strong>System\u00fcberwachung &#8211; Kontrolle<\/strong><\/li>\n<li><strong>Automatisierung<\/strong> ihrer Kontrollaufgaben<\/li>\n<li>Ablaufoptimierung bieten<\/li>\n<li>g<strong>egebenenfalls stellen wir ein Expertenteam<\/strong> <strong>zusammen<\/strong> die Sie zum Ziel bringen , aus unterschiedlichen Branchen Systemtechniker &#8211; Firewallspezialisten &#8211; Virtualisierungsprofi &#8211; Programmierer unterschiedlichster Sprachen &#8211; Finanzierer &#8211; Steuerberater &#8211; Webentwickler &#8211; Grafiker &#8211; ja es sind hunderte Jahre <strong>Erfahrung die wir f\u00fcr Ihre Projekte b\u00fcndeln k\u00f6nnen um Sie f\u00fcr die Zukunft zu r\u00fcsten !<\/strong><\/li>\n<\/ul>\n<p>Ja &#8211; sie bekommen <strong>eine L\u00f6sung &#8211; aus einer Hand<\/strong> &#8211; wir setzen um &#8211; koordinieren und haben die richtigen Partner f\u00fcr Ihre Anforderungen &#8211; und finden die richtigen Service Partner f\u00fcr die Hardware mit f\u00fcr Sie passende Reaktionszeiten<\/p>\n<p>wir b<strong>eraten Sie bei der Auswahl von cloud Diensten ,<\/strong> und wie Sie die cloud <strong>richtig einsetzen &#8211; nicht irgendwie!<\/strong><\/p>\n<p>wir k\u00f6nnen Ihnen <strong>public Cloud Dienste bieten die trotzdem DSGVO Konform<\/strong> durch verschl\u00fcsselte Daten und hochverschl\u00fcsselte End-To-End Verbindungen sind\u00a0 &#8211;<strong> ja das geht <\/strong><\/p>\n<p>wir bieten Ihnen <strong>aus einer Hand Betreuung \u00fcber den ganzen Life-Cycle<\/strong> &#8211; von der<\/p>\n<ul>\n<li>Beratung<\/li>\n<li>Auswahl<\/li>\n<li>Projektungen<\/li>\n<li>Implementierung bis zur<\/li>\n<li>Entsorgung \/Datentr\u00e4gerentsorgung &#8211; und<\/li>\n<li>iT-Remarketing<\/li>\n<\/ul>\n<p>&nbsp;<\/p>\n<p>die DSGVO ist da &#8211; Sie ist nicht mehr weg zu denken &#8211; Sie ist zu bew\u00e4ltigen &#8211; eine Herausforderung f\u00fcr uns alle<\/p>\n<p>Gemeinsam schaffen wir das !<\/p>\n<p>&nbsp;<\/p>\n<p>&nbsp;<\/p>\n<p>*) soweit es vertretbar ist , wirtschaftlich sinnvoll, (siehe auch\u00a0https:\/\/eur-lex.europa.eu\/legal-content\/DE\/ALL\/?uri=CELEX%3A32016R0679)<\/p>\n<div class=\"fusion-one-full fusion-layout-column fusion-spacing-yes\" style=\"margin-top:;margin-bottom:;\"><div class=\"fusion-column-wrapper\"><div class=\"fusion-clearfix\"><\/div><\/div><\/div><div class=\"fusion-one-full fusion-layout-column fusion-spacing-yes\" style=\"margin-top:;margin-bottom:;\"><div class=\"fusion-column-wrapper\"><div class=\"fusion-clearfix\"><\/div><\/div><\/div>\n","protected":false},"excerpt":{"rendered":"","protected":false},"author":1,"featured_media":0,"parent":0,"menu_order":0,"comment_status":"closed","ping_status":"closed","template":"","meta":{"footnotes":""},"class_list":["post-73","page","type-page","status-publish","hentry"],"_links":{"self":[{"href":"https:\/\/mimas.stift.biz\/index.php\/wp-json\/wp\/v2\/pages\/73","targetHints":{"allow":["GET"]}}],"collection":[{"href":"https:\/\/mimas.stift.biz\/index.php\/wp-json\/wp\/v2\/pages"}],"about":[{"href":"https:\/\/mimas.stift.biz\/index.php\/wp-json\/wp\/v2\/types\/page"}],"author":[{"embeddable":true,"href":"https:\/\/mimas.stift.biz\/index.php\/wp-json\/wp\/v2\/users\/1"}],"replies":[{"embeddable":true,"href":"https:\/\/mimas.stift.biz\/index.php\/wp-json\/wp\/v2\/comments?post=73"}],"version-history":[{"count":3,"href":"https:\/\/mimas.stift.biz\/index.php\/wp-json\/wp\/v2\/pages\/73\/revisions"}],"predecessor-version":[{"id":76,"href":"https:\/\/mimas.stift.biz\/index.php\/wp-json\/wp\/v2\/pages\/73\/revisions\/76"}],"wp:attachment":[{"href":"https:\/\/mimas.stift.biz\/index.php\/wp-json\/wp\/v2\/media?parent=73"}],"curies":[{"name":"wp","href":"https:\/\/api.w.org\/{rel}","templated":true}]}}